{"id":5782,"date":"2023-11-23T11:13:52","date_gmt":"2023-11-23T09:13:52","guid":{"rendered":"https:\/\/oneeightyms.com\/?page_id=5782"},"modified":"2024-06-21T16:23:11","modified_gmt":"2024-06-21T14:23:11","slug":"home-new","status":"publish","type":"page","link":"https:\/\/oneeightyms.com\/en\/home-new\/","title":{"rendered":"Home new"},"content":{"rendered":"\n<h2 class=\"wp-block-heading\">ONE-EIGHTY<\/h2>\n\n\n\n<h2 class=\"wp-block-heading\">Marketing Solutions<\/h2>\n\n\n\n<figure class=\"wp-block-image\"><img decoding=\"async\" src=\"https:\/\/oneeightyms.com\/wp-content\/uploads\/2021\/11\/Marketing.-.png\" alt=\"\"\/><\/figure>\n\n\n\n<h3 class=\"wp-block-heading\">Marketing Solutions<\/h3>\n\n\n\n<figure class=\"wp-block-image\"><img decoding=\"async\" src=\"https:\/\/oneeightyms.com\/wp-content\/uploads\/2021\/11\/printings-giveway.png\" alt=\"\"\/><\/figure>\n\n\n\n<h3 class=\"wp-block-heading\">printings &amp; giveways<\/h3>\n\n\n\n<figure class=\"wp-block-image\"><img decoding=\"async\" src=\"https:\/\/oneeightyms.com\/wp-content\/uploads\/2023\/09\/development-e1695642145654.png\" alt=\"\"\/><\/figure>\n\n\n\n<h3 class=\"wp-block-heading\">web development &amp; Programming<\/h3>\n\n\n\n<figure class=\"wp-block-image\"><img decoding=\"async\" src=\"https:\/\/oneeightyms.com\/wp-content\/uploads\/2021\/11\/Business-Development-Consultation.png\" alt=\"\"\/><\/figure>\n\n\n\n<h3 class=\"wp-block-heading\">Business Development &amp; Consultation<\/h3>\n\n\n\n<figure class=\"wp-block-image\"><img decoding=\"async\" src=\"https:\/\/oneeightyms.com\/wp-content\/uploads\/2023\/06\/logo-white.png\" alt=\"\"\/><\/figure>\n\n\n\n<figure class=\"wp-block-image\"><img decoding=\"async\" src=\"https:\/\/oneeightyms.com\/wp-content\/uploads\/2023\/09\/development-e1695642145654.png\" alt=\"\"\/><\/figure>\n\n\n\n<h3 class=\"wp-block-heading\">web development &amp; Programming<\/h3>\n\n\n\n<figure class=\"wp-block-image\"><img decoding=\"async\" src=\"https:\/\/oneeightyms.com\/wp-content\/uploads\/2021\/11\/Marketing.-.png\" alt=\"\"\/><\/figure>\n\n\n\n<h3 class=\"wp-block-heading\">Marketing Solutions<\/h3>\n\n\n\n<figure class=\"wp-block-image\"><img decoding=\"async\" src=\"https:\/\/oneeightyms.com\/wp-content\/uploads\/2021\/11\/Business-Development-Consultation.png\" alt=\"\"\/><\/figure>\n\n\n\n<h3 class=\"wp-block-heading\">Business Development &amp; Consultation<\/h3>\n\n\n\n<figure class=\"wp-block-image\"><img decoding=\"async\" src=\"https:\/\/oneeightyms.com\/wp-content\/uploads\/2021\/11\/printings-giveway.png\" alt=\"\"\/><\/figure>\n\n\n\n<h3 class=\"wp-block-heading\">printings &amp; giveways<\/h3>\n\n\n\n<p><a href=\"https:\/\/oneeightyms.com\/contact-us\/\"><br><img fetchpriority=\"high\" decoding=\"async\" src=\"https:\/\/oneeightyms.com\/wp-content\/uploads\/2024\/05\/WhatsApp-Image-2024-05-13-at-1.26.10-AM-1024x1024.jpeg\" sizes=\"(max-width: 1024px) 100vw, 1024px\" srcset=\"https:\/\/oneeightyms.com\/wp-content\/uploads\/2024\/05\/WhatsApp-Image-2024-05-13-at-1.26.10-AM-1024x1024.jpeg 1024w, https:\/\/oneeightyms.com\/wp-content\/uploads\/2024\/05\/WhatsApp-Image-2024-05-13-at-1.26.10-AM-300x300.jpeg 300w, https:\/\/oneeightyms.com\/wp-content\/uploads\/2024\/05\/WhatsApp-Image-2024-05-13-at-1.26.10-AM-150x150.jpeg 150w, https:\/\/oneeightyms.com\/wp-content\/uploads\/2024\/05\/WhatsApp-Image-2024-05-13-at-1.26.10-AM-768x768.jpeg 768w, https:\/\/oneeightyms.com\/wp-content\/uploads\/2024\/05\/WhatsApp-Image-2024-05-13-at-1.26.10-AM-600x600.jpeg 600w, https:\/\/oneeightyms.com\/wp-content\/uploads\/2024\/05\/WhatsApp-Image-2024-05-13-at-1.26.10-AM-100x100.jpeg 100w, https:\/\/oneeightyms.com\/wp-content\/uploads\/2024\/05\/WhatsApp-Image-2024-05-13-at-1.26.10-AM.jpeg 1080w\" alt=\"\" width=\"1024\" height=\"1024\"> <\/a><br><a href=\"https:\/\/oneeightyms.com\/contact-us\/\"><br>Sign Up Now<br><\/a><\/p>\n\n\n\n<h2 class=\"wp-block-heading\">Our Clients<\/h2>\n\n\n\n<figure class=\"wp-block-image\"><img decoding=\"async\" src=\"https:\/\/oneeightyms.com\/wp-content\/uploads\/2021\/11\/Brand4.png\" alt=\"Brand4\"\/><\/figure>\n\n\n\n<figure class=\"wp-block-image\"><img decoding=\"async\" src=\"https:\/\/oneeightyms.com\/wp-content\/uploads\/2021\/11\/Brand1.png\" alt=\"Brand1\"\/><\/figure>\n\n\n\n<figure class=\"wp-block-image\"><img decoding=\"async\" src=\"https:\/\/oneeightyms.com\/wp-content\/uploads\/2021\/11\/19.png\" alt=\"19\"\/><\/figure>\n\n\n\n<figure class=\"wp-block-image\"><img decoding=\"async\" src=\"https:\/\/oneeightyms.com\/wp-content\/uploads\/2021\/11\/12.png\" alt=\"12\"\/><\/figure>\n\n\n\n<figure class=\"wp-block-image\"><img decoding=\"async\" src=\"https:\/\/oneeightyms.com\/wp-content\/uploads\/2021\/11\/11.png\" alt=\"11\"\/><\/figure>\n\n\n\n<figure class=\"wp-block-image\"><img decoding=\"async\" src=\"https:\/\/oneeightyms.com\/wp-content\/uploads\/2021\/11\/10.png\" alt=\"10\"\/><\/figure>\n\n\n\n<figure class=\"wp-block-image\"><img decoding=\"async\" src=\"https:\/\/oneeightyms.com\/wp-content\/uploads\/2021\/11\/9.png\" alt=\"9\"\/><\/figure>\n\n\n\n<figure class=\"wp-block-image\"><img decoding=\"async\" src=\"https:\/\/oneeightyms.com\/wp-content\/uploads\/2021\/11\/8.png\" alt=\"8\"\/><\/figure>\n\n\n\n<figure class=\"wp-block-image\"><img decoding=\"async\" src=\"https:\/\/oneeightyms.com\/wp-content\/uploads\/2021\/11\/7.png\" alt=\"7\"\/><\/figure>\n\n\n\n<figure class=\"wp-block-image\"><img decoding=\"async\" src=\"https:\/\/oneeightyms.com\/wp-content\/uploads\/2021\/11\/6.png\" alt=\"6\"\/><\/figure>\n\n\n\n<figure class=\"wp-block-image\"><img decoding=\"async\" src=\"https:\/\/oneeightyms.com\/wp-content\/uploads\/2021\/11\/5.png\" alt=\"5\"\/><\/figure>\n\n\n\n<figure class=\"wp-block-image\"><img decoding=\"async\" src=\"https:\/\/oneeightyms.com\/wp-content\/uploads\/2021\/11\/4.png\" alt=\"4\"\/><\/figure>\n\n\n\n<figure class=\"wp-block-image\"><img decoding=\"async\" src=\"https:\/\/oneeightyms.com\/wp-content\/uploads\/2021\/11\/3.png\" alt=\"3\"\/><\/figure>\n\n\n\n<figure class=\"wp-block-image\"><img decoding=\"async\" src=\"https:\/\/oneeightyms.com\/wp-content\/uploads\/2021\/11\/2.png\" alt=\"2\"\/><\/figure>\n\n\n\n<figure class=\"wp-block-image\"><img decoding=\"async\" src=\"https:\/\/oneeightyms.com\/wp-content\/uploads\/2021\/11\/1.png\" alt=\"1\"\/><\/figure>\n\n\n\n<figure class=\"wp-block-image\"><img decoding=\"async\" src=\"https:\/\/oneeightyms.com\/wp-content\/uploads\/2021\/12\/22.png\" alt=\"22\"\/><\/figure>\n\n\n\n<figure class=\"wp-block-image\"><img decoding=\"async\" src=\"https:\/\/oneeightyms.com\/wp-content\/uploads\/2022\/05\/Detailers-Car-Care-Logo-1-copy-1024x828.png\" alt=\"Detailer's Car Care Logo (1) copy\"\/><\/figure>\n\n\n\n<figure class=\"wp-block-image\"><img decoding=\"async\" src=\"https:\/\/oneeightyms.com\/wp-content\/uploads\/2023\/10\/4e92ab0a-cb2b-47ab-ac66-a30e61899ab0-1024x717.jpeg\" alt=\"4e92ab0a-cb2b-47ab-ac66-a30e61899ab0\"\/><\/figure>\n\n\n\n<figure class=\"wp-block-image\"><img decoding=\"async\" src=\"https:\/\/oneeightyms.com\/wp-content\/uploads\/2023\/10\/expo-logo-source-copy-1024x711.png\" alt=\"expo logo source copy\"\/><\/figure>\n\n\n\n<figure class=\"wp-block-image\"><img decoding=\"async\" src=\"https:\/\/oneeightyms.com\/wp-content\/uploads\/2021\/12\/1-300x300.png\" alt=\"1\"\/><\/figure>\n\n\n\n<figure class=\"wp-block-image\"><img decoding=\"async\" src=\"https:\/\/oneeightyms.com\/wp-content\/uploads\/2021\/12\/2-300x300.png\" alt=\"2\"\/><\/figure>\n\n\n\n<figure class=\"wp-block-image\"><img decoding=\"async\" src=\"https:\/\/oneeightyms.com\/wp-content\/uploads\/2021\/12\/3-300x300.png\" alt=\"3\"\/><\/figure>\n\n\n\n<figure class=\"wp-block-image\"><img decoding=\"async\" src=\"https:\/\/oneeightyms.com\/wp-content\/uploads\/2021\/12\/4-1-300x300.png\" alt=\"4\"\/><\/figure>\n\n\n\n<figure class=\"wp-block-image\"><img decoding=\"async\" src=\"https:\/\/oneeightyms.com\/wp-content\/uploads\/2021\/12\/5-300x300.png\" alt=\"5\"\/><\/figure>\n\n\n\n<figure class=\"wp-block-image\"><img decoding=\"async\" src=\"https:\/\/oneeightyms.com\/wp-content\/uploads\/2021\/12\/6-300x300.png\" alt=\"6\"\/><\/figure>\n\n\n\n<figure class=\"wp-block-image\"><img decoding=\"async\" src=\"https:\/\/oneeightyms.com\/wp-content\/uploads\/2021\/12\/7-300x300.png\" alt=\"7\"\/><\/figure>\n\n\n\n<figure class=\"wp-block-image\"><img decoding=\"async\" src=\"https:\/\/oneeightyms.com\/wp-content\/uploads\/2021\/12\/8-300x300.png\" alt=\"8\"\/><\/figure>\n\n\n\n<figure class=\"wp-block-image\"><img decoding=\"async\" src=\"https:\/\/oneeightyms.com\/wp-content\/uploads\/2021\/12\/9-300x300.png\" alt=\"9\"\/><\/figure>\n\n\n\n<figure class=\"wp-block-image\"><img decoding=\"async\" src=\"https:\/\/oneeightyms.com\/wp-content\/uploads\/2022\/05\/Logo-2-300x300.png\" alt=\"Logo 2\"\/><\/figure>\n\n\n\n<figure class=\"wp-block-image\"><img decoding=\"async\" src=\"https:\/\/oneeightyms.com\/wp-content\/uploads\/2022\/05\/2-copy-300x92.png\" alt=\"2 copy\"\/><\/figure>\n\n\n\n<figure class=\"wp-block-image\"><img decoding=\"async\" src=\"https:\/\/oneeightyms.com\/wp-content\/uploads\/2022\/11\/salt3on-logo-300x300.png\" alt=\"salt3on logo\"\/><\/figure>\n\n\n\n<figure class=\"wp-block-image\"><img decoding=\"async\" src=\"https:\/\/oneeightyms.com\/wp-content\/uploads\/2022\/11\/THE-BRIDGE-HOLDING-2-300x300.png\" alt=\"THE BRIDGE HOLDING 2\"\/><\/figure>\n\n\n\n<figure class=\"wp-block-image\"><img decoding=\"async\" src=\"https:\/\/oneeightyms.com\/wp-content\/uploads\/2022\/11\/d11e0897-f64c-4fbf-bb12-37efffcd6acb-300x300.jpeg\" alt=\"d11e0897-f64c-4fbf-bb12-37efffcd6acb\"\/><\/figure>\n\n\n\n<figure class=\"wp-block-image\"><img decoding=\"async\" src=\"https:\/\/oneeightyms.com\/wp-content\/uploads\/2022\/11\/\u0648\u0632\u0627\u0631\u0629_\u0627\u0644\u0628\u064a\u064a\u0654\u0629-1-300x300.png\" alt=\"\u0648\u0632\u0627\u0631\u0629_\u0627\u0644\u0628\u064a\u064a\u0654\u0629 (1)\"\/><\/figure>\n\n\n\n<figure class=\"wp-block-image\"><img decoding=\"async\" src=\"https:\/\/oneeightyms.com\/wp-content\/uploads\/2022\/11\/eco-egypt-footer-logo.png\" alt=\"eco-egypt-footer-logo\"\/><\/figure>\n\n\n\n<figure class=\"wp-block-image\"><img decoding=\"async\" src=\"https:\/\/oneeightyms.com\/wp-content\/uploads\/2023\/10\/Dakhelia.png\" alt=\"Dakhelia\"\/><\/figure>\n\n\n\n<figure class=\"wp-block-image\"><img decoding=\"async\" src=\"https:\/\/oneeightyms.com\/wp-content\/uploads\/2023\/10\/download-3.png\" alt=\"download\"\/><\/figure>\n\n\n\n<h2 class=\"wp-block-heading\">GIVE YOUR BUSINESS<\/h2>\n\n\n\n<h2 class=\"wp-block-heading\">PROFESSIONALISM &amp;<\/h2>\n\n\n\n<h2 class=\"wp-block-heading\">TRUSTWORTHY<\/h2>\n\n\n\n<p>providing all your needs from branding, website design<br>&amp; online marketing to business consultancy on how to grow fast&nbsp;<\/p>\n\n\n\n<figure class=\"wp-block-image\"><img decoding=\"async\" src=\"https:\/\/oneeightyms.com\/wp-content\/uploads\/2021\/12\/12-1024x1024.png\" alt=\"\"\/><\/figure>\n\n\n\n<h2 class=\"wp-block-heading\">Domain Checker<\/h2>\n\n\n\n<p><div id=\"wp24-dc-1\" class=\"wp24-dc\"><\/div><br><img decoding=\"async\" src=\"https:\/\/oneeightyms.com\/wp-content\/uploads\/2021\/12\/132-1024x1024.png\" sizes=\"(max-width: 1024px) 100vw, 1024px\" srcset=\"https:\/\/oneeightyms.com\/wp-content\/uploads\/2021\/12\/132-1024x1024.png 1024w, https:\/\/oneeightyms.com\/wp-content\/uploads\/2021\/12\/132-150x150.png 150w, https:\/\/oneeightyms.com\/wp-content\/uploads\/2021\/12\/132-300x300.png 300w, https:\/\/oneeightyms.com\/wp-content\/uploads\/2021\/12\/132-768x768.png 768w, https:\/\/oneeightyms.com\/wp-content\/uploads\/2021\/12\/132-600x600.png 600w, https:\/\/oneeightyms.com\/wp-content\/uploads\/2021\/12\/132-100x100.png 100w, https:\/\/oneeightyms.com\/wp-content\/uploads\/2021\/12\/132.png 1362w\" alt=\"\" width=\"1024\" height=\"1024\"><\/p>\n\n\n\n<h2 class=\"wp-block-heading\">Professional creative strategies<\/h2>\n\n\n\n<p>here, at one-eighty ms, we bring you the most creative and professional strategies to convert your innovative ideas into bespoke, feature-rich, and conversion-focused facilities to help you meet your business needs and goals with complete ease! We make sure you exceed your customer expectations every step of the way. We will help to handle all your workflows that initiate and execute critical touchpoints for marketing and sales, skyrocketing your conversion rate in no time.<\/p>\n\n\n\n<figure class=\"wp-block-image\"><img decoding=\"async\" src=\"https:\/\/oneeightyms.com\/wp-content\/uploads\/2023\/06\/logo-white.png\" alt=\"\"\/><\/figure>\n\n\n\n<p><iframe style=\"width: 1000px!important; height: 528px; ; max-width: 100%; display: inline-block;\" title=\"portofolio\" src=\"https:\/\/oneeightyms.com\/wp-admin\/admin-ajax.php?action=get_viewer&amp;file=https%3A%2F%2Foneeightyms.com%2Fwp-content%2Fuploads%2F2023%2F11%2Fportofolio.pdf#key=dGhlbWVNb2RlPWRlZmF1bHQmdG9vbGJhcj10cnVlJnBvc2l0aW9uPXRvcCZwcmVzZW50YXRpb249ZmFsc2UmZG93bmxvYWQ9dHJ1ZSZjb3B5X3RleHQ9dHJ1ZSZhZGRfdGV4dD10cnVlJmRyYXc9dHJ1ZSZwZGZfcm90YXRpb249dHJ1ZSZwZGZfZGV0YWlscz10cnVl&amp;zoom=page-width\" frameborder=\"0\" data-emid=\"embedpress-pdf-7554d1a\"><\/iframe><a href=\"https:\/\/www.facebook.com\/sharer\/sharer.php?u=https%3A%2F%2Foneeightyms.com%2F%3Fhash%3D7554d1a\" target=\"_blank\" rel=\"noopener\"><br><br><\/a><a href=\"https:\/\/twitter.com\/intent\/tweet?url=https%3A%2F%2Foneeightyms.com%2F%3Fhash%3D7554d1a&amp;text=portofolio\" target=\"_blank\" rel=\"noopener\"><br><br><br><\/a><a href=\"http:\/\/pinterest.com\/pin\/create\/button\/?url=https%3A%2F%2Foneeightyms.com%2F%3Fhash%3D7554d1a&amp;media=https%3A%2F%2Foneeightyms.com%2Fwp-content%2Fplugins%2Felementor%2Fassets%2Fimages%2Fplaceholder.png&amp;description=portofolio\" target=\"_blank\" rel=\"noopener\"><br><br><\/a><a href=\"https:\/\/www.linkedin.com\/sharing\/share-offsite\/?url=https%3A%2F%2Foneeightyms.com%2F%3Fhash%3D7554d1a&amp;title=portofolio&amp;summary=portofolio&amp;source=LinkedIn\" target=\"_blank\" rel=\"noopener\"><br><br><br><br><br><\/a><br><\/p>\n\n\n\n<h2 class=\"wp-block-heading\">Let\u2019s Work Together<\/h2>\n\n\n\n<p>Let\u2019s build your project together. All you need to do is to fill out the form, and we will get back to you within 24 hours. .<br>Ng\u01b0\u1eddi d\u00f9ng c\u1ea7n \u0111\u0103ng k\u00fd t\u00e0i kho\u1ea3n tr\u00ean <a href=\"https:\/\/adbux.org\/\">f8 bet<\/a> \u0111\u1ec3 tham gia c\u00e1 c\u01b0\u1ee3c.<\/p>\n\n\n\n<p><a href=\"https:\/\/oneeightyms.com\/contact-us-2\/\"><br>contact us<br><\/a><\/p>\n\n\n\n<ul class=\"wp-block-list\">\n<li>01200939505<\/li>\n\n\n\n<li>0224150252<\/li>\n\n\n\n<li>info@oneeightyms.com<\/li>\n\n\n\n<li>7 omar shaaban, el-nozha st. nasr city, cairo, egypt<\/li>\n<\/ul>\n","protected":false},"excerpt":{"rendered":"<p>ONE-EIGHTY Marketing Solutions Marketing Solutions printings &amp; giveways web development &amp; Programming Business Development &amp; Consultation web development &amp; Programming Marketing Solutions Business Development &amp; Consultation printings &amp; giveways Sign Up Now Our Clients GIVE YOUR BUSINESS PROFESSIONALISM &amp; TRUSTWORTHY providing all your needs from branding, website design&amp; online marketing to business consultancy on how [&hellip;]<\/p>\n","protected":false},"author":1,"featured_media":0,"parent":0,"menu_order":0,"comment_status":"closed","ping_status":"closed","template":"","meta":{"site-sidebar-layout":"no-sidebar","site-content-layout":"page-builder","ast-site-content-layout":"full-width-container","site-content-style":"default","site-sidebar-style":"default","ast-global-header-display":"","ast-banner-title-visibility":"","ast-main-header-display":"","ast-hfb-above-header-display":"","ast-hfb-below-header-display":"","ast-hfb-mobile-header-display":"","site-post-title":"disabled","ast-breadcrumbs-content":"","ast-featured-img":"disabled","footer-sml-layout":"","ast-disable-related-posts":"","theme-transparent-header-meta":"","adv-header-id-meta":"","stick-header-meta":"","header-above-stick-meta":"","header-main-stick-meta":"","header-below-stick-meta":"","astra-migrate-meta-layouts":"set","ast-page-background-enabled":"default","ast-page-background-meta":{"desktop":{"background-color":"var(--ast-global-color-4)","background-image":"","background-repeat":"repeat","background-position":"center center","background-size":"auto","background-attachment":"scroll","background-type":"","background-media":"","overlay-type":"","overlay-color":"","overlay-opacity":"","overlay-gradient":""},"tablet":{"background-color":"","background-image":"","background-repeat":"repeat","background-position":"center center","background-size":"auto","background-attachment":"scroll","background-type":"","background-media":"","overlay-type":"","overlay-color":"","overlay-opacity":"","overlay-gradient":""},"mobile":{"background-color":"","background-image":"","background-repeat":"repeat","background-position":"center center","background-size":"auto","background-attachment":"scroll","background-type":"","background-media":"","overlay-type":"","overlay-color":"","overlay-opacity":"","overlay-gradient":""}},"ast-content-background-meta":{"desktop":{"background-color":"var(--ast-global-color-5)","background-image":"","background-repeat":"repeat","background-position":"center center","background-size":"auto","background-attachment":"scroll","background-type":"","background-media":"","overlay-type":"","overlay-color":"","overlay-opacity":"","overlay-gradient":""},"tablet":{"background-color":"var(--ast-global-color-5)","background-image":"","background-repeat":"repeat","background-position":"center center","background-size":"auto","background-attachment":"scroll","background-type":"","background-media":"","overlay-type":"","overlay-color":"","overlay-opacity":"","overlay-gradient":""},"mobile":{"background-color":"var(--ast-global-color-5)","background-image":"","background-repeat":"repeat","background-position":"center center","background-size":"auto","background-attachment":"scroll","background-type":"","background-media":"","overlay-type":"","overlay-color":"","overlay-opacity":"","overlay-gradient":""}},"footnotes":""},"class_list":["post-5782","page","type-page","status-publish","hentry"],"yoast_head":"<!-- This site is optimized with the Yoast SEO Premium plugin v23.2 (Yoast SEO v23.2) - https:\/\/yoast.com\/wordpress\/plugins\/seo\/ -->\n<title>Home new - 180 ONE-EIGHTY<\/title>\n<meta name=\"robots\" content=\"index, follow, max-snippet:-1, max-image-preview:large, max-video-preview:-1\" \/>\n<link rel=\"canonical\" href=\"https:\/\/oneeightyms.com\/en\/home-new\/\" \/>\n<meta property=\"og:locale\" content=\"en_US\" \/>\n<meta property=\"og:type\" content=\"article\" \/>\n<meta property=\"og:title\" content=\"Home new\" \/>\n<meta property=\"og:description\" content=\"ONE-EIGHTY Marketing Solutions Marketing Solutions printings &amp; giveways web development &amp; Programming Business Development &amp; Consultation web development &amp; Programming Marketing Solutions Business Development &amp; Consultation printings &amp; giveways Sign Up Now Our Clients GIVE YOUR BUSINESS PROFESSIONALISM &amp; TRUSTWORTHY providing all your needs from branding, website design&amp; online marketing to business consultancy on how [&hellip;]\" \/>\n<meta property=\"og:url\" content=\"https:\/\/oneeightyms.com\/en\/home-new\/\" \/>\n<meta property=\"og:site_name\" content=\"180 ONE-EIGHTY\" \/>\n<meta property=\"article:publisher\" content=\"https:\/\/web.facebook.com\/oneeightymarketing\/?_rdc=1&amp;_rdr\" \/>\n<meta property=\"article:modified_time\" content=\"2024-06-21T14:23:11+00:00\" \/>\n<meta property=\"og:image\" content=\"https:\/\/oneeightyms.com\/wp-content\/uploads\/2021\/11\/Marketing.-.png\" \/>\n<meta name=\"twitter:card\" content=\"summary_large_image\" \/>\n<meta name=\"twitter:label1\" content=\"Est. reading time\" \/>\n\t<meta name=\"twitter:data1\" content=\"1 minute\" \/>\n<script type=\"application\/ld+json\" class=\"yoast-schema-graph\">{\"@context\":\"https:\/\/schema.org\",\"@graph\":[{\"@type\":\"WebPage\",\"@id\":\"https:\/\/oneeightyms.com\/home-new\/\",\"url\":\"https:\/\/oneeightyms.com\/home-new\/\",\"name\":\"Home new - 180 ONE-EIGHTY\",\"isPartOf\":{\"@id\":\"https:\/\/oneeightyms.com\/#website\"},\"primaryImageOfPage\":{\"@id\":\"https:\/\/oneeightyms.com\/home-new\/#primaryimage\"},\"image\":{\"@id\":\"https:\/\/oneeightyms.com\/home-new\/#primaryimage\"},\"thumbnailUrl\":\"https:\/\/oneeightyms.com\/wp-content\/uploads\/2021\/11\/Marketing.-.png\",\"datePublished\":\"2023-11-23T09:13:52+00:00\",\"dateModified\":\"2024-06-21T14:23:11+00:00\",\"breadcrumb\":{\"@id\":\"https:\/\/oneeightyms.com\/home-new\/#breadcrumb\"},\"inLanguage\":\"en-US\",\"potentialAction\":[{\"@type\":\"ReadAction\",\"target\":[\"https:\/\/oneeightyms.com\/home-new\/\"]}]},{\"@type\":\"ImageObject\",\"inLanguage\":\"en-US\",\"@id\":\"https:\/\/oneeightyms.com\/home-new\/#primaryimage\",\"url\":\"https:\/\/oneeightyms.com\/wp-content\/uploads\/2021\/11\/Marketing.-.png\",\"contentUrl\":\"https:\/\/oneeightyms.com\/wp-content\/uploads\/2021\/11\/Marketing.-.png\"},{\"@type\":\"BreadcrumbList\",\"@id\":\"https:\/\/oneeightyms.com\/home-new\/#breadcrumb\",\"itemListElement\":[{\"@type\":\"ListItem\",\"position\":1,\"name\":\"Home\",\"item\":\"https:\/\/oneeightyms.com\/en\/\"},{\"@type\":\"ListItem\",\"position\":2,\"name\":\"Home new\"}]},{\"@type\":\"WebSite\",\"@id\":\"https:\/\/oneeightyms.com\/#website\",\"url\":\"https:\/\/oneeightyms.com\/\",\"name\":\"180 ONE-EIGHTY\",\"description\":\"Business Solutions\",\"publisher\":{\"@id\":\"https:\/\/oneeightyms.com\/#organization\"},\"potentialAction\":[{\"@type\":\"SearchAction\",\"target\":{\"@type\":\"EntryPoint\",\"urlTemplate\":\"https:\/\/oneeightyms.com\/?s={search_term_string}\"},\"query-input\":\"required name=search_term_string\"}],\"inLanguage\":\"en-US\"},{\"@type\":\"Organization\",\"@id\":\"https:\/\/oneeightyms.com\/#organization\",\"name\":\"180 ONE-EIGHTY\",\"url\":\"https:\/\/oneeightyms.com\/\",\"logo\":{\"@type\":\"ImageObject\",\"inLanguage\":\"en-US\",\"@id\":\"https:\/\/oneeightyms.com\/#\/schema\/logo\/image\/\",\"url\":\"https:\/\/oneeightyms.com\/wp-content\/uploads\/2024\/05\/Untitled-1b.png\",\"contentUrl\":\"https:\/\/oneeightyms.com\/wp-content\/uploads\/2024\/05\/Untitled-1b.png\",\"width\":945,\"height\":118,\"caption\":\"180 ONE-EIGHTY\"},\"image\":{\"@id\":\"https:\/\/oneeightyms.com\/#\/schema\/logo\/image\/\"},\"sameAs\":[\"https:\/\/web.facebook.com\/oneeightymarketing\/?_rdc=1&_rdr\",\"https:\/\/www.instagram.com\/180_eg\"]}]}<\/script>\n<!-- \/ Yoast SEO Premium plugin. -->","yoast_head_json":{"title":"Home new - 180 ONE-EIGHTY","robots":{"index":"index","follow":"follow","max-snippet":"max-snippet:-1","max-image-preview":"max-image-preview:large","max-video-preview":"max-video-preview:-1"},"canonical":"https:\/\/oneeightyms.com\/en\/home-new\/","og_locale":"en_US","og_type":"article","og_title":"Home new","og_description":"ONE-EIGHTY Marketing Solutions Marketing Solutions printings &amp; giveways web development &amp; Programming Business Development &amp; Consultation web development &amp; Programming Marketing Solutions Business Development &amp; Consultation printings &amp; giveways Sign Up Now Our Clients GIVE YOUR BUSINESS PROFESSIONALISM &amp; TRUSTWORTHY providing all your needs from branding, website design&amp; online marketing to business consultancy on how [&hellip;]","og_url":"https:\/\/oneeightyms.com\/en\/home-new\/","og_site_name":"180 ONE-EIGHTY","article_publisher":"https:\/\/web.facebook.com\/oneeightymarketing\/?_rdc=1&_rdr","article_modified_time":"2024-06-21T14:23:11+00:00","og_image":[{"url":"https:\/\/oneeightyms.com\/wp-content\/uploads\/2021\/11\/Marketing.-.png"}],"twitter_card":"summary_large_image","twitter_misc":{"Est. reading time":"1 minute"},"schema":{"@context":"https:\/\/schema.org","@graph":[{"@type":"WebPage","@id":"https:\/\/oneeightyms.com\/home-new\/","url":"https:\/\/oneeightyms.com\/home-new\/","name":"Home new - 180 ONE-EIGHTY","isPartOf":{"@id":"https:\/\/oneeightyms.com\/#website"},"primaryImageOfPage":{"@id":"https:\/\/oneeightyms.com\/home-new\/#primaryimage"},"image":{"@id":"https:\/\/oneeightyms.com\/home-new\/#primaryimage"},"thumbnailUrl":"https:\/\/oneeightyms.com\/wp-content\/uploads\/2021\/11\/Marketing.-.png","datePublished":"2023-11-23T09:13:52+00:00","dateModified":"2024-06-21T14:23:11+00:00","breadcrumb":{"@id":"https:\/\/oneeightyms.com\/home-new\/#breadcrumb"},"inLanguage":"en-US","potentialAction":[{"@type":"ReadAction","target":["https:\/\/oneeightyms.com\/home-new\/"]}]},{"@type":"ImageObject","inLanguage":"en-US","@id":"https:\/\/oneeightyms.com\/home-new\/#primaryimage","url":"https:\/\/oneeightyms.com\/wp-content\/uploads\/2021\/11\/Marketing.-.png","contentUrl":"https:\/\/oneeightyms.com\/wp-content\/uploads\/2021\/11\/Marketing.-.png"},{"@type":"BreadcrumbList","@id":"https:\/\/oneeightyms.com\/home-new\/#breadcrumb","itemListElement":[{"@type":"ListItem","position":1,"name":"Home","item":"https:\/\/oneeightyms.com\/en\/"},{"@type":"ListItem","position":2,"name":"Home new"}]},{"@type":"WebSite","@id":"https:\/\/oneeightyms.com\/#website","url":"https:\/\/oneeightyms.com\/","name":"180 ONE-EIGHTY","description":"Business Solutions","publisher":{"@id":"https:\/\/oneeightyms.com\/#organization"},"potentialAction":[{"@type":"SearchAction","target":{"@type":"EntryPoint","urlTemplate":"https:\/\/oneeightyms.com\/?s={search_term_string}"},"query-input":"required name=search_term_string"}],"inLanguage":"en-US"},{"@type":"Organization","@id":"https:\/\/oneeightyms.com\/#organization","name":"180 ONE-EIGHTY","url":"https:\/\/oneeightyms.com\/","logo":{"@type":"ImageObject","inLanguage":"en-US","@id":"https:\/\/oneeightyms.com\/#\/schema\/logo\/image\/","url":"https:\/\/oneeightyms.com\/wp-content\/uploads\/2024\/05\/Untitled-1b.png","contentUrl":"https:\/\/oneeightyms.com\/wp-content\/uploads\/2024\/05\/Untitled-1b.png","width":945,"height":118,"caption":"180 ONE-EIGHTY"},"image":{"@id":"https:\/\/oneeightyms.com\/#\/schema\/logo\/image\/"},"sameAs":["https:\/\/web.facebook.com\/oneeightymarketing\/?_rdc=1&_rdr","https:\/\/www.instagram.com\/180_eg"]}]}},"_links":{"self":[{"href":"https:\/\/oneeightyms.com\/en\/wp-json\/wp\/v2\/pages\/5782","targetHints":{"allow":["GET"]}}],"collection":[{"href":"https:\/\/oneeightyms.com\/en\/wp-json\/wp\/v2\/pages"}],"about":[{"href":"https:\/\/oneeightyms.com\/en\/wp-json\/wp\/v2\/types\/page"}],"author":[{"embeddable":true,"href":"https:\/\/oneeightyms.com\/en\/wp-json\/wp\/v2\/users\/1"}],"replies":[{"embeddable":true,"href":"https:\/\/oneeightyms.com\/en\/wp-json\/wp\/v2\/comments?post=5782"}],"version-history":[{"count":83,"href":"https:\/\/oneeightyms.com\/en\/wp-json\/wp\/v2\/pages\/5782\/revisions"}],"predecessor-version":[{"id":6559,"href":"https:\/\/oneeightyms.com\/en\/wp-json\/wp\/v2\/pages\/5782\/revisions\/6559"}],"wp:attachment":[{"href":"https:\/\/oneeightyms.com\/en\/wp-json\/wp\/v2\/media?parent=5782"}],"curies":[{"name":"wp","href":"https:\/\/api.w.org\/{rel}","templated":true}]}}